{"id":8428,"date":"2023-02-27T22:01:45","date_gmt":"2023-02-27T19:01:45","guid":{"rendered":"https:\/\/goprint.ee\/product\/self_copy_forms\/"},"modified":"2023-05-11T17:10:55","modified_gmt":"2023-05-11T14:10:55","slug":"self_copy_forms","status":"publish","type":"product","link":"https:\/\/dev.sdhost.eu\/en\/product\/self_copy_forms\/","title":{"rendered":"Self-copy forms"},"content":{"rendered":"<p>[et_pb_section fb_built=&#8221;1&#8243; disabled_on=&#8221;off|off|off&#8221; _builder_version=&#8221;4.16&#8243; _module_preset=&#8221;default&#8221; global_colors_info=&#8221;{}&#8221;][et_pb_row disabled_on=&#8221;on|off|off&#8221; _builder_version=&#8221;4.16&#8243; _module_preset=&#8221;default&#8221; background_image=&#8221;https:\/\/dev.sdhost.eu\/wp-content\/uploads\/2021\/07\/print_products_header.jpg&#8221; custom_margin=&#8221;35px||35px||false|false&#8221; custom_padding=&#8221;70px||70px|55px|true|false&#8221; border_radii=&#8221;on|25px|25px|25px|25px&#8221; box_shadow_style=&#8221;preset3&#8243; box_shadow_vertical=&#8221;1px&#8221; global_colors_info=&#8221;{}&#8221;][et_pb_column type=&#8221;4_4&#8243; _builder_version=&#8221;4.16&#8243; _module_preset=&#8221;default&#8221; global_colors_info=&#8221;{}&#8221;][et_pb_text _builder_version=&#8221;4.20.0&#8243; _module_preset=&#8221;default&#8221; header_2_font=&#8221;|700|||||||&#8221; header_2_text_color=&#8221;#FFFFFF&#8221; header_2_font_size=&#8221;60px&#8221; width=&#8221;90%&#8221; custom_margin=&#8221;||0px||false|false&#8221; global_colors_info=&#8221;{}&#8221;]<\/p>\n<h2>Self-copy forms<\/h2>\n<p>[\/et_pb_text][et_pb_text disabled_on=&#8221;on|on|on&#8221; _builder_version=&#8221;4.16&#8243; _module_preset=&#8221;default&#8221; text_text_color=&#8221;#FFFFFF&#8221; text_font_size=&#8221;15px&#8221; text_orientation=&#8221;right&#8221; width=&#8221;66%&#8221; disabled=&#8221;on&#8221; global_colors_info=&#8221;{}&#8221;]<\/p>\n<p>~Vali kaardi suurus, paberi t\u00fc\u00fcp ja kogus, \u00fclej\u00e4\u00e4nud teeme meie.<\/p>\n<p>[\/et_pb_text][\/et_pb_column][\/et_pb_row][et_pb_row _builder_version=&#8221;4.16&#8243; _module_preset=&#8221;default&#8221; custom_padding=&#8221;0px||0px|||&#8221; global_colors_info=&#8221;{}&#8221;][et_pb_column type=&#8221;4_4&#8243; _builder_version=&#8221;4.16&#8243; _module_preset=&#8221;default&#8221; global_colors_info=&#8221;{}&#8221;][et_pb_wc_breadcrumb _builder_version=&#8221;4.16&#8243; _module_preset=&#8221;default&#8221; global_colors_info=&#8221;{}&#8221;][\/et_pb_wc_breadcrumb][et_pb_wc_cart_notice _builder_version=&#8221;4.16&#8243; _module_preset=&#8221;default&#8221; global_colors_info=&#8221;{}&#8221;][\/et_pb_wc_cart_notice][\/et_pb_column][\/et_pb_row][et_pb_row column_structure=&#8221;2_5,3_5&#8243; _builder_version=&#8221;4.16&#8243; _module_preset=&#8221;default&#8221; global_colors_info=&#8221;{}&#8221;][et_pb_column type=&#8221;2_5&#8243; _builder_version=&#8221;4.16&#8243; _module_preset=&#8221;default&#8221; global_colors_info=&#8221;{}&#8221;][et_pb_wc_images _builder_version=&#8221;4.16&#8243; _module_preset=&#8221;default&#8221; global_colors_info=&#8221;{}&#8221;][\/et_pb_wc_images][\/et_pb_column][et_pb_column type=&#8221;3_5&#8243; _builder_version=&#8221;4.16&#8243; _module_preset=&#8221;default&#8221; global_colors_info=&#8221;{}&#8221;][et_pb_wc_title _builder_version=&#8221;4.16&#8243; _module_preset=&#8221;default&#8221; global_colors_info=&#8221;{}&#8221;][\/et_pb_wc_title][et_pb_wc_description _builder_version=&#8221;4.16&#8243; _module_preset=&#8221;default&#8221; global_colors_info=&#8221;{}&#8221;][\/et_pb_wc_description][et_pb_wc_meta _builder_version=&#8221;4.16&#8243; _module_preset=&#8221;default&#8221; global_colors_info=&#8221;{}&#8221;][\/et_pb_wc_meta][et_pb_contact_form email=&#8221;info@goprint.ee&#8221; success_message=&#8221;The message has been sent successfully&#8221; submit_button_text=&#8221;Send&#8221; _builder_version=&#8221;4.20.4&#8243; _module_preset=&#8221;default&#8221; _unique_id=&#8221;c6459bc6-ca60-4cf2-b50b-082ae7235994&#8243; locked=&#8221;off&#8221; global_colors_info=&#8221;{}&#8221; theme_builder_area=&#8221;post_content&#8221;][et_pb_contact_field field_id=&#8221;Name&#8221; field_title=&#8221;Name&#8221; _builder_version=&#8221;4.19.5&#8243; global_colors_info=&#8221;{}&#8221; button_text_size__hover_enabled=&#8221;off&#8221; button_one_text_size__hover_enabled=&#8221;off&#8221; button_two_text_size__hover_enabled=&#8221;off&#8221; button_text_color__hover_enabled=&#8221;off&#8221; button_one_text_color__hover_enabled=&#8221;off&#8221; button_two_text_color__hover_enabled=&#8221;off&#8221; button_border_width__hover_enabled=&#8221;off&#8221; button_one_border_width__hover_enabled=&#8221;off&#8221; button_two_border_width__hover_enabled=&#8221;off&#8221; button_border_color__hover_enabled=&#8221;off&#8221; button_one_border_color__hover_enabled=&#8221;off&#8221; button_two_border_color__hover_enabled=&#8221;off&#8221; button_border_radius__hover_enabled=&#8221;off&#8221; button_one_border_radius__hover_enabled=&#8221;off&#8221; button_two_border_radius__hover_enabled=&#8221;off&#8221; button_letter_spacing__hover_enabled=&#8221;off&#8221; button_one_letter_spacing__hover_enabled=&#8221;off&#8221; button_two_letter_spacing__hover_enabled=&#8221;off&#8221; button_bg_color__hover_enabled=&#8221;off&#8221; button_one_bg_color__hover_enabled=&#8221;off&#8221; button_two_bg_color__hover_enabled=&#8221;off&#8221; theme_builder_area=&#8221;post_content&#8221;][\/et_pb_contact_field][et_pb_contact_field field_id=&#8221;email_address&#8221; field_title=&#8221;Email&#8221; field_type=&#8221;email&#8221; _builder_version=&#8221;4.19.5&#8243; global_colors_info=&#8221;{}&#8221; button_text_size__hover_enabled=&#8221;off&#8221; button_one_text_size__hover_enabled=&#8221;off&#8221; button_two_text_size__hover_enabled=&#8221;off&#8221; button_text_color__hover_enabled=&#8221;off&#8221; button_one_text_color__hover_enabled=&#8221;off&#8221; button_two_text_color__hover_enabled=&#8221;off&#8221; button_border_width__hover_enabled=&#8221;off&#8221; button_one_border_width__hover_enabled=&#8221;off&#8221; button_two_border_width__hover_enabled=&#8221;off&#8221; button_border_color__hover_enabled=&#8221;off&#8221; button_one_border_color__hover_enabled=&#8221;off&#8221; button_two_border_color__hover_enabled=&#8221;off&#8221; button_border_radius__hover_enabled=&#8221;off&#8221; button_one_border_radius__hover_enabled=&#8221;off&#8221; button_two_border_radius__hover_enabled=&#8221;off&#8221; button_letter_spacing__hover_enabled=&#8221;off&#8221; button_one_letter_spacing__hover_enabled=&#8221;off&#8221; button_two_letter_spacing__hover_enabled=&#8221;off&#8221; button_bg_color__hover_enabled=&#8221;off&#8221; button_one_bg_color__hover_enabled=&#8221;off&#8221; button_two_bg_color__hover_enabled=&#8221;off&#8221; theme_builder_area=&#8221;post_content&#8221;][\/et_pb_contact_field][et_pb_contact_field field_id=&#8221;phone&#8221; field_title=&#8221;Telephone&#8221; required_mark=&#8221;off&#8221; fullwidth_field=&#8221;on&#8221; _builder_version=&#8221;4.19.5&#8243; _module_preset=&#8221;default&#8221; global_colors_info=&#8221;{}&#8221; theme_builder_area=&#8221;post_content&#8221;][\/et_pb_contact_field][et_pb_contact_field field_id=&#8221;Message&#8221; field_title=&#8221;Describe your print request&#8221; field_type=&#8221;text&#8221; fullwidth_field=&#8221;on&#8221; _builder_version=&#8221;4.19.5&#8243; global_colors_info=&#8221;{}&#8221; button_text_size__hover_enabled=&#8221;off&#8221; button_one_text_size__hover_enabled=&#8221;off&#8221; button_two_text_size__hover_enabled=&#8221;off&#8221; button_text_color__hover_enabled=&#8221;off&#8221; button_one_text_color__hover_enabled=&#8221;off&#8221; button_two_text_color__hover_enabled=&#8221;off&#8221; button_border_width__hover_enabled=&#8221;off&#8221; button_one_border_width__hover_enabled=&#8221;off&#8221; button_two_border_width__hover_enabled=&#8221;off&#8221; button_border_color__hover_enabled=&#8221;off&#8221; button_one_border_color__hover_enabled=&#8221;off&#8221; button_two_border_color__hover_enabled=&#8221;off&#8221; button_border_radius__hover_enabled=&#8221;off&#8221; button_one_border_radius__hover_enabled=&#8221;off&#8221; button_two_border_radius__hover_enabled=&#8221;off&#8221; button_letter_spacing__hover_enabled=&#8221;off&#8221; button_one_letter_spacing__hover_enabled=&#8221;off&#8221; button_two_letter_spacing__hover_enabled=&#8221;off&#8221; button_bg_color__hover_enabled=&#8221;off&#8221; button_one_bg_color__hover_enabled=&#8221;off&#8221; button_two_bg_color__hover_enabled=&#8221;off&#8221; theme_builder_area=&#8221;post_content&#8221;][\/et_pb_contact_field][et_pb_contact_field field_id=&#8221;Field_5&#8243; field_title=&#8221;*Upload up to 5 files. Max 150 Mb. Preferably PDF, but other formats are possible.&#8221; required_mark=&#8221;off&#8221; fullwidth_field=&#8221;on&#8221; _builder_version=&#8221;4.20.4&#8243; _module_preset=&#8221;default&#8221; attach_advanced_fields=&#8221;on&#8221; attach_file_size=&#8221;150&#8243; attach_multiple_files=&#8221;on&#8221; attach_button_text=&#8221;Upload file&#8221; attach_file_type=&#8221;.PDF&#8221; global_colors_info=&#8221;{}&#8221; theme_builder_area=&#8221;post_content&#8221;][\/et_pb_contact_field][\/et_pb_contact_form][\/et_pb_column][\/et_pb_row][\/et_pb_section][et_pb_section fb_built=&#8221;1&#8243; _builder_version=&#8221;4.16&#8243; _module_preset=&#8221;default&#8221; global_colors_info=&#8221;{}&#8221;][et_pb_row _builder_version=&#8221;4.16&#8243; custom_padding=&#8221;0px||35px||false|&#8221; global_colors_info=&#8221;{}&#8221;][et_pb_column type=&#8221;4_4&#8243; _builder_version=&#8221;4.16&#8243; custom_padding=&#8221;|||&#8221; global_colors_info=&#8221;{}&#8221; custom_padding__hover=&#8221;|||&#8221;][et_pb_text _builder_version=&#8221;4.16&#8243; _module_preset=&#8221;default&#8221; header_3_font=&#8221;|700||on|||||&#8221; header_3_text_color=&#8221;#ef4c00&#8243; custom_margin=&#8221;||-1px|||&#8221; global_colors_info=&#8221;{}&#8221;]<\/p>\n<h3>COMPLETED WORK<\/h3>\n<p>[\/et_pb_text][\/et_pb_column][\/et_pb_row][et_pb_row column_structure=&#8221;1_3,1_3,1_3&#8243; use_custom_gutter=&#8221;on&#8221; gutter_width=&#8221;1&#8243; disabled_on=&#8221;on|on|on&#8221; _builder_version=&#8221;4.16&#8243; _module_preset=&#8221;default&#8221; custom_padding=&#8221;0px||0px|||&#8221; disabled=&#8221;on&#8221; global_colors_info=&#8221;{}&#8221;][et_pb_column type=&#8221;1_3&#8243; _builder_version=&#8221;4.16&#8243; _module_preset=&#8221;default&#8221; global_colors_info=&#8221;{}&#8221;][et_pb_image src=&#8221;https:\/\/dev.sdhost.eu\/wp-content\/uploads\/2021\/02\/Layer-6.jpg&#8221; title_text=&#8221;Layer 6&#8243; force_fullwidth=&#8221;on&#8221; _builder_version=&#8221;4.16&#8243; _module_preset=&#8221;default&#8221; global_colors_info=&#8221;{}&#8221;][\/et_pb_image][\/et_pb_column][et_pb_column type=&#8221;1_3&#8243; _builder_version=&#8221;4.16&#8243; _module_preset=&#8221;default&#8221; global_colors_info=&#8221;{}&#8221;][et_pb_image src=&#8221;https:\/\/dev.sdhost.eu\/wp-content\/uploads\/2021\/02\/Layer-7.jpg&#8221; title_text=&#8221;Layer 7&#8243; force_fullwidth=&#8221;on&#8221; _builder_version=&#8221;4.16&#8243; _module_preset=&#8221;default&#8221; global_colors_info=&#8221;{}&#8221;][\/et_pb_image][\/et_pb_column][et_pb_column type=&#8221;1_3&#8243; _builder_version=&#8221;4.16&#8243; _module_preset=&#8221;default&#8221; global_colors_info=&#8221;{}&#8221;][et_pb_image src=&#8221;https:\/\/dev.sdhost.eu\/wp-content\/uploads\/2021\/02\/Layer-10.jpg&#8221; title_text=&#8221;Layer 10&#8243; force_fullwidth=&#8221;on&#8221; _builder_version=&#8221;4.16&#8243; _module_preset=&#8221;default&#8221; global_colors_info=&#8221;{}&#8221;][\/et_pb_image][\/et_pb_column][\/et_pb_row][et_pb_row column_structure=&#8221;1_2,1_2&#8243; use_custom_gutter=&#8221;on&#8221; gutter_width=&#8221;1&#8243; make_equal=&#8221;on&#8221; disabled_on=&#8221;on|on|on&#8221; _builder_version=&#8221;4.16&#8243; _module_preset=&#8221;default&#8221; custom_padding=&#8221;0px||0px|||&#8221; disabled=&#8221;on&#8221; global_colors_info=&#8221;{}&#8221;][et_pb_column type=&#8221;1_2&#8243; _builder_version=&#8221;4.16&#8243; _module_preset=&#8221;default&#8221; global_colors_info=&#8221;{}&#8221;][et_pb_image src=&#8221;https:\/\/dev.sdhost.eu\/wp-content\/uploads\/2021\/02\/Layer-5.jpg&#8221; title_text=&#8221;<\/p>\n<p>Layer 5<\/p>\n<p>&#8221; force_fullwidth=&#8221;on&#8221; _builder_version=&#8221;4.16&#8243; _module_preset=&#8221;default&#8221; global_colors_info=&#8221;{}&#8221;][\/et_pb_image][\/et_pb_column][et_pb_column type=&#8221;1_2&#8243; _builder_version=&#8221;4.16&#8243; _module_preset=&#8221;default&#8221; global_colors_info=&#8221;{}&#8221;][et_pb_image src=&#8221;https:\/\/dev.sdhost.eu\/wp-content\/uploads\/2021\/02\/Layer-8.jpg&#8221; title_text=&#8221;<\/p>\n<p>Layer 8<\/p>\n<p>&#8221; force_fullwidth=&#8221;on&#8221; _builder_version=&#8221;4.16&#8243; _module_preset=&#8221;default&#8221; global_colors_info=&#8221;{}&#8221;][\/et_pb_image][\/et_pb_column][\/et_pb_row][et_pb_row column_structure=&#8221;1_3,1_3,1_3&#8243; use_custom_gutter=&#8221;on&#8221; gutter_width=&#8221;1&#8243; _builder_version=&#8221;4.16&#8243; _module_preset=&#8221;default&#8221; custom_padding=&#8221;0px||0px|||&#8221; global_colors_info=&#8221;{}&#8221;][et_pb_column type=&#8221;1_3&#8243; _builder_version=&#8221;4.16&#8243; _module_preset=&#8221;default&#8221; global_colors_info=&#8221;{}&#8221;][et_pb_image src=&#8221;https:\/\/dev.sdhost.eu\/wp-content\/uploads\/2023\/02\/multipaper_4.jpg&#8221; title_text=&#8221;multipaper_4&#8243; force_fullwidth=&#8221;on&#8221; _builder_version=&#8221;4.20.0&#8243; _module_preset=&#8221;default&#8221; global_colors_info=&#8221;{}&#8221;][\/et_pb_image][\/et_pb_column][et_pb_column type=&#8221;1_3&#8243; _builder_version=&#8221;4.16&#8243; _module_preset=&#8221;default&#8221; global_colors_info=&#8221;{}&#8221;][et_pb_image src=&#8221;https:\/\/dev.sdhost.eu\/wp-content\/uploads\/2023\/02\/multipaper_2.jpg&#8221; title_text=&#8221;multipaper_2&#8243; force_fullwidth=&#8221;on&#8221; _builder_version=&#8221;4.20.0&#8243; _module_preset=&#8221;default&#8221; global_colors_info=&#8221;{}&#8221;][\/et_pb_image][\/et_pb_column][et_pb_column type=&#8221;1_3&#8243; _builder_version=&#8221;4.16&#8243; _module_preset=&#8221;default&#8221; global_colors_info=&#8221;{}&#8221;][et_pb_image src=&#8221;https:\/\/dev.sdhost.eu\/wp-content\/uploads\/2023\/02\/multipaper.jpg&#8221; title_text=&#8221;multipaper&#8221; force_fullwidth=&#8221;on&#8221; admin_label=&#8221;Image&#8221; _builder_version=&#8221;4.20.0&#8243; _module_preset=&#8221;default&#8221; global_colors_info=&#8221;{}&#8221;][\/et_pb_image][\/et_pb_column][\/et_pb_row][\/et_pb_section][et_pb_section fb_built=&#8221;1&#8243; _builder_version=&#8221;4.16&#8243; _module_preset=&#8221;default&#8221; background_image=&#8221;https:\/\/dev.sdhost.eu\/wp-content\/uploads\/2021\/06\/design___.jpg&#8221; background_position=&#8221;center_right&#8221; custom_padding=&#8221;0px|||||&#8221; background_last_edited=&#8221;on|desktop&#8221; parallax_tablet=&#8221;off&#8221; background_size_phone=&#8221;contain&#8221; background_position_tablet=&#8221;center_right&#8221; background_position_phone=&#8221;bottom_right&#8221; filter_opacity_tablet=&#8221;100%&#8221; filter_opacity_phone=&#8221;&#8221; filter_opacity_last_edited=&#8221;on|desktop&#8221; saved_tabs=&#8221;all&#8221; global_colors_info=&#8221;{}&#8221;][et_pb_row column_structure=&#8221;2_3,1_3&#8243; _builder_version=&#8221;4.16&#8243; _module_preset=&#8221;default&#8221; custom_padding=&#8221;42px|||||&#8221; global_colors_info=&#8221;{}&#8221;][et_pb_column type=&#8221;2_3&#8243; _builder_version=&#8221;4.16&#8243; _module_preset=&#8221;default&#8221; global_colors_info=&#8221;{}&#8221;][\/et_pb_column][et_pb_column type=&#8221;1_3&#8243; _builder_version=&#8221;4.16&#8243; _module_preset=&#8221;default&#8221; global_colors_info=&#8221;{}&#8221;][et_pb_text content_tablet=&#8221;<\/p>\n<\/p>\n<h4 style=%22text-align: center;%22><span style=%22color: #ff6600;%22>PERSONAALNE KUJUNDUS, MIS PANEB TR\u00dcKISE S\u00c4RAMA<\/span><\/h4>\n<p style=%22text-align: center;%22><span style=%22color: #ffffff;%22>Go Prindi professionaalsed kujundajad loovad Sulle unikaalse kujunduse, mis teeb Su tr\u00fckise pilkup\u00fc\u00fcdvaks ja t\u00f5stab selle esile.<\/span><\/p>\n<p style=%22text-align: center;%22><span style=%22color: #ffffff;%22><a href=%22https:\/\/dev.sdhost.eu\/wp-content\/uploads\/2021\/06\/right-arrow.svg%22 style=%22color: #ffffff;%22><img class=%22wp-image-3071 alignnone %22 src=%22https:\/\/dev.sdhost.eu\/wp-content\/uploads\/2021\/06\/right-arrow.svg%22 alt=%22%22 width=%2213%22 height=%2213%22 \/><\/a> <a href=%22\/product\/sinu-trukise-kujundus\/%22 style=%22color: #ffffff;%22>Telli kujundus<\/a><\/span><\/p>\n<\/p>\n<p>&#8221; content_phone=&#8221;<\/p>\n<h4 style=%22text-align: center;%22><span style=%22color: #ff6600;%22>PERSONAALNE KUJUNDUS, MIS PANEB TR\u00dcKISE S\u00c4RAMA<\/span><\/h4>\n<p style=%22text-align: center;%22><span style=%22color: #333333;%22><a href=%22https:\/\/dev.sdhost.eu\/wp-content\/uploads\/2021\/06\/right-arrow.svg%22 style=%22color: #333333;%22><img class=%22wp-image-3071 alignnone %22 src=%22https:\/\/dev.sdhost.eu\/wp-content\/uploads\/2021\/06\/right-arrow.svg%22 alt=%22%22 width=%2213%22 height=%2213%22 \/><\/a> <a href=%22\/product\/sinu-trukise-kujundus\/%22 style=%22color: #333333;%22>Telli kujundus<\/a><\/span><\/p>\n<p>&#8221; content_last_edited=&#8221;on|phone&#8221; _builder_version=&#8221;4.16&#8243; _module_preset=&#8221;default&#8221; link_font=&#8221;|||on|||||&#8221; link_text_color=&#8221;#000000&#8243; header_4_font=&#8221;|600||on|||||&#8221; header_4_text_align=&#8221;left&#8221; header_4_text_color=&#8221;#FFFFFF&#8221; header_4_font_size=&#8221;20px&#8221; header_4_line_height=&#8221;1.2em&#8221; global_colors_info=&#8221;{}&#8221;]<\/p>\n<h4><span style=\"color: #ff6600;\">PERSONAALNE KUJUNDUS, MIS PANEB TR\u00dcKISE S\u00c4RAMA<\/span><\/h4>\n<p><span style=\"color: #ffffff;\">Go Prindi professionaalsed kujundajad loovad Sulle unikaalse kujunduse, mis teeb Su tr\u00fckise pilkup\u00fc\u00fcdvaks ja t\u00f5stab selle esile.<\/span><\/p>\n<p><a href=\"https:\/\/dev.sdhost.eu\/wp-content\/uploads\/2021\/06\/right-arrow.svg\"><img loading=\"lazy\" decoding=\"async\" class=\"wp-image-3071 alignnone \" src=\"https:\/\/dev.sdhost.eu\/wp-content\/uploads\/2021\/06\/right-arrow.svg\" alt=\"\" width=\"13\" height=\"13\" \/><\/a> <span style=\"color: #800080;\"><a href=\"\/product\/sinu-trukise-kujundus\/\" style=\"color: #800080;\">Telli kujundus<\/a><\/span><\/p>\n<p>[\/et_pb_text][\/et_pb_column][\/et_pb_row][\/et_pb_section]<\/p>\n","protected":false},"excerpt":{"rendered":"<p>Sometimes it is necessary for standard transactions to leave a trace of it for two or sometimes even three or four parties. For such cases, we offer you the printing of self-copying forms.<\/p>\n<p>Choose a suitable solution: <br \/>&#8211; Number of layers (2-4) <br \/>2-set (white + yellow) <br \/>3-set (white + yellow + pink) <br \/>4-set (white + blue + yellow + pink) <\/p>\n<p>&#8211; A self-replicating deck that requires special assembly <br \/>&#8211; Forms glued or stapled to the form book &#8211; Numbering of forms <br \/>&#8211; Perforation of blanks Minimum quantity from 100 pcs. You can also order T2L customs forms and car accident forms from us. Send us an inquiry here.<\/p>\n","protected":false},"featured_media":8321,"comment_status":"closed","ping_status":"closed","template":"","meta":{"_et_pb_use_builder":"on","_et_pb_old_content":"","_et_gb_content_width":"","inline_featured_image":false},"product_brand":[],"product_cat":[221],"product_tag":[],"class_list":{"0":"post-8428","1":"product","2":"type-product","3":"status-publish","4":"has-post-thumbnail","6":"product_cat-products","8":"first","9":"instock","10":"featured","11":"taxable","12":"shipping-taxable","13":"purchasable","14":"product-type-variable","15":"has-default-attributes"},"_links":{"self":[{"href":"https:\/\/dev.sdhost.eu\/en\/wp-json\/wp\/v2\/product\/8428","targetHints":{"allow":["GET"]}}],"collection":[{"href":"https:\/\/dev.sdhost.eu\/en\/wp-json\/wp\/v2\/product"}],"about":[{"href":"https:\/\/dev.sdhost.eu\/en\/wp-json\/wp\/v2\/types\/product"}],"replies":[{"embeddable":true,"href":"https:\/\/dev.sdhost.eu\/en\/wp-json\/wp\/v2\/comments?post=8428"}],"wp:featuredmedia":[{"embeddable":true,"href":"https:\/\/dev.sdhost.eu\/en\/wp-json\/wp\/v2\/media\/8321"}],"wp:attachment":[{"href":"https:\/\/dev.sdhost.eu\/en\/wp-json\/wp\/v2\/media?parent=8428"}],"wp:term":[{"taxonomy":"product_brand","embeddable":true,"href":"https:\/\/dev.sdhost.eu\/en\/wp-json\/wp\/v2\/product_brand?post=8428"},{"taxonomy":"product_cat","embeddable":true,"href":"https:\/\/dev.sdhost.eu\/en\/wp-json\/wp\/v2\/product_cat?post=8428"},{"taxonomy":"product_tag","embeddable":true,"href":"https:\/\/dev.sdhost.eu\/en\/wp-json\/wp\/v2\/product_tag?post=8428"}],"curies":[{"name":"wp","href":"https:\/\/api.w.org\/{rel}","templated":true}]}}